{"id":1804,"date":"2026-05-06T13:00:47","date_gmt":"2026-05-06T13:00:47","guid":{"rendered":"https:\/\/mrstorevip.com\/?product=ps5-slim-4k-1tb-lector-disco"},"modified":"2026-05-06T13:00:48","modified_gmt":"2026-05-06T13:00:48","slug":"ps5-slim-4k-1tb-lector-disco","status":"publish","type":"product","link":"https:\/\/mrstorevip.com\/?product=ps5-slim-4k-1tb-lector-disco","title":{"rendered":"PS5 Slim 4K 1TB Lector Disco"},"content":{"rendered":"<p>La PS5 Slim con lector de discos combina la potencia de nueva generaci\u00f3n con la flexibilidad de jugar en formato f\u00edsico o digital. Equipado con una unidad Ultra HD Blu-ray, esta versi\u00f3n permite usar juegos en disco, ver pel\u00edculas 4K y expandir tu colecci\u00f3n f\u00edsica. Cuenta con SSD de 1 TB, procesador AMD Ryzen Zen 2 de 8 n\u00facleos y gr\u00e1ficos RDNA 2 con Ray Tracing, todo en un formato m\u00e1s compacto que la PS5 est\u00e1ndar. Soporta 4K a 120 fps, HDR y tecnolog\u00eda Tempest 3D AudioTech para una inmersi\u00f3n total.<\/p>\n","protected":false},"excerpt":{"rendered":"<ul>\n<li><strong>Lector: Ultra HD Blu-ray 4K<\/strong><\/li>\n<li><strong>Almacenamiento: SSD 1 TB<\/strong><\/li>\n<li><strong>Resoluci\u00f3n: Hasta 4K 120 Hz + HDR<\/strong><\/li>\n<li><strong>CPU\/GPU: AMD Ryzen Zen 2 \/ RDNA 2 (10.3 TFLOPs)<\/strong><\/li>\n<li><strong>RAM: 16 GB GDDR6<\/strong><\/li>\n<li><strong>Conectividad: Wi\u2011Fi 6, HDMI 2.1, USB-C, Bluetooth 5.1<\/strong><\/li>\n<\/ul>\n","protected":false},"featured_media":1746,"comment_status":"open","ping_status":"closed","template":"","meta":{"_acf_changed":false},"product_brand":[],"product_cat":[76],"product_tag":[],"class_list":{"0":"post-1804","1":"product","2":"type-product","3":"status-publish","4":"has-post-thumbnail","6":"product_cat-consolas","8":"first","9":"instock","10":"shipping-taxable","11":"purchasable","12":"product-type-simple"},"acf":[],"_links":{"self":[{"href":"https:\/\/mrstorevip.com\/index.php?rest_route=\/wp\/v2\/product\/1804","targetHints":{"allow":["GET"]}}],"collection":[{"href":"https:\/\/mrstorevip.com\/index.php?rest_route=\/wp\/v2\/product"}],"about":[{"href":"https:\/\/mrstorevip.com\/index.php?rest_route=\/wp\/v2\/types\/product"}],"replies":[{"embeddable":true,"href":"https:\/\/mrstorevip.com\/index.php?rest_route=%2Fwp%2Fv2%2Fcomments&post=1804"}],"wp:featuredmedia":[{"embeddable":true,"href":"https:\/\/mrstorevip.com\/index.php?rest_route=\/wp\/v2\/media\/1746"}],"wp:attachment":[{"href":"https:\/\/mrstorevip.com\/index.php?rest_route=%2Fwp%2Fv2%2Fmedia&parent=1804"}],"wp:term":[{"taxonomy":"product_brand","embeddable":true,"href":"https:\/\/mrstorevip.com\/index.php?rest_route=%2Fwp%2Fv2%2Fproduct_brand&post=1804"},{"taxonomy":"product_cat","embeddable":true,"href":"https:\/\/mrstorevip.com\/index.php?rest_route=%2Fwp%2Fv2%2Fproduct_cat&post=1804"},{"taxonomy":"product_tag","embeddable":true,"href":"https:\/\/mrstorevip.com\/index.php?rest_route=%2Fwp%2Fv2%2Fproduct_tag&post=1804"}],"curies":[{"name":"wp","href":"https:\/\/api.w.org\/{rel}","templated":true}]}}